{"id":1351,"date":"2016-04-24T15:06:59","date_gmt":"2016-04-24T15:06:59","guid":{"rendered":"http:\/\/wp.pop-verlag.com\/?page_id=1351"},"modified":"2016-04-24T15:06:59","modified_gmt":"2016-04-24T15:06:59","slug":"zsuzsanna-gahse","status":"publish","type":"page","link":"https:\/\/wp.pop-verlag.com\/?page_id=1351","title":{"rendered":"Zsuzsanna Gahse"},"content":{"rendered":"<p>Zsuzsanna Gahse (Budapest, 1946): Floh 1956 mit den Eltern aus Ungarn, Gymnasium in Wien und Kassel, lebte dann in Stuttgart; seit 1998 in der Schweiz. 1983 erschien ihr Erstling Zero (Aspekte-Literaturpreis). Neunzehn Buchver\u00f6ffentlichungen, zuletzt Durch und durch, M\u00fcllheim\/Thur in drei Kapiteln, Wien 2004. Theaterst\u00fccke, szenische Arbeiten und Texte f\u00fcr die bildende Kunst. \u00dcbersetzungen aus dem Ungarischen.<\/p>\n","protected":false},"excerpt":{"rendered":"<p>Zsuzsanna Gahse (Budapest, 1946): Floh 1956 mit den Eltern aus Ungarn, Gymnasium in Wien und Kassel, lebte dann in Stuttgart; seit 1998 in der Schweiz. 1983 erschien ihr Erstling Zero (Aspekte-Literaturpreis). Neunzehn Buchver\u00f6ffentlichungen, zuletzt Durch und durch, M\u00fcllheim\/Thur in drei &hellip; <a class=\"more-link\" href=\"https:\/\/wp.pop-verlag.com\/?page_id=1351\">Weiterlesen <span class=\"meta-nav\">&rarr;<\/span><\/a><\/p>\n","protected":false},"author":2,"featured_media":0,"parent":672,"menu_order":1,"comment_status":"closed","ping_status":"closed","template":"","meta":{"footnotes":""},"class_list":["post-1351","page","type-page","status-publish","hentry"],"jetpack_sharing_enabled":true,"_links":{"self":[{"href":"https:\/\/wp.pop-verlag.com\/index.php?rest_route=\/wp\/v2\/pages\/1351","targetHints":{"allow":["GET"]}}],"collection":[{"href":"https:\/\/wp.pop-verlag.com\/index.php?rest_route=\/wp\/v2\/pages"}],"about":[{"href":"https:\/\/wp.pop-verlag.com\/index.php?rest_route=\/wp\/v2\/types\/page"}],"author":[{"embeddable":true,"href":"https:\/\/wp.pop-verlag.com\/index.php?rest_route=\/wp\/v2\/users\/2"}],"replies":[{"embeddable":true,"href":"https:\/\/wp.pop-verlag.com\/index.php?rest_route=%2Fwp%2Fv2%2Fcomments&post=1351"}],"version-history":[{"count":1,"href":"https:\/\/wp.pop-verlag.com\/index.php?rest_route=\/wp\/v2\/pages\/1351\/revisions"}],"predecessor-version":[{"id":1352,"href":"https:\/\/wp.pop-verlag.com\/index.php?rest_route=\/wp\/v2\/pages\/1351\/revisions\/1352"}],"up":[{"embeddable":true,"href":"https:\/\/wp.pop-verlag.com\/index.php?rest_route=\/wp\/v2\/pages\/672"}],"wp:attachment":[{"href":"https:\/\/wp.pop-verlag.com\/index.php?rest_route=%2Fwp%2Fv2%2Fmedia&parent=1351"}],"curies":[{"name":"wp","href":"https:\/\/api.w.org\/{rel}","templated":true}]}}