{"id":1344,"date":"2016-04-24T15:00:07","date_gmt":"2016-04-24T15:00:07","guid":{"rendered":"http:\/\/wp.pop-verlag.com\/?page_id=1344"},"modified":"2016-04-24T15:00:07","modified_gmt":"2016-04-24T15:00:07","slug":"yves-di-manno","status":"publish","type":"page","link":"https:\/\/wp.pop-verlag.com\/?page_id=1344","title":{"rendered":"Yves di Manno"},"content":{"rendered":"<p>Yves di Manno (D\u00e9partement Rh\u00f4ne, 1954): Lebt und arbeitet in Paris. Seit den 70er Jahren ist er Mitarbeiter zahlreicher Zeitschriften. Er hat mehrere amerikanische Dichter \u00fcbersetzt und f\u00fcnfzehn B\u00fccher ver\u00f6ffentlicht, zuletzt den Gedichtband Un pr\u00e9, en vers (Flammarion, 2003). 1997 erschien in Br\u00fcssel seine gesammelte Prosa unter dem Titel Dispara\u00eetre. Essays, Romane, zuletzt Domicile, 2002. Er ist f\u00fcr die Reihe \u00bbPo\u00e9sie\/Flammarion\u00ab verantwortlich.<\/p>\n","protected":false},"excerpt":{"rendered":"<p>Yves di Manno (D\u00e9partement Rh\u00f4ne, 1954): Lebt und arbeitet in Paris. Seit den 70er Jahren ist er Mitarbeiter zahlreicher Zeitschriften. Er hat mehrere amerikanische Dichter \u00fcbersetzt und f\u00fcnfzehn B\u00fccher ver\u00f6ffentlicht, zuletzt den Gedichtband Un pr\u00e9, en vers (Flammarion, 2003). 1997 &hellip; <a class=\"more-link\" href=\"https:\/\/wp.pop-verlag.com\/?page_id=1344\">Weiterlesen <span class=\"meta-nav\">&rarr;<\/span><\/a><\/p>\n","protected":false},"author":2,"featured_media":0,"parent":664,"menu_order":4,"comment_status":"closed","ping_status":"closed","template":"","meta":{"footnotes":""},"class_list":["post-1344","page","type-page","status-publish","hentry"],"jetpack_sharing_enabled":true,"_links":{"self":[{"href":"https:\/\/wp.pop-verlag.com\/index.php?rest_route=\/wp\/v2\/pages\/1344","targetHints":{"allow":["GET"]}}],"collection":[{"href":"https:\/\/wp.pop-verlag.com\/index.php?rest_route=\/wp\/v2\/pages"}],"about":[{"href":"https:\/\/wp.pop-verlag.com\/index.php?rest_route=\/wp\/v2\/types\/page"}],"author":[{"embeddable":true,"href":"https:\/\/wp.pop-verlag.com\/index.php?rest_route=\/wp\/v2\/users\/2"}],"replies":[{"embeddable":true,"href":"https:\/\/wp.pop-verlag.com\/index.php?rest_route=%2Fwp%2Fv2%2Fcomments&post=1344"}],"version-history":[{"count":1,"href":"https:\/\/wp.pop-verlag.com\/index.php?rest_route=\/wp\/v2\/pages\/1344\/revisions"}],"predecessor-version":[{"id":1345,"href":"https:\/\/wp.pop-verlag.com\/index.php?rest_route=\/wp\/v2\/pages\/1344\/revisions\/1345"}],"up":[{"embeddable":true,"href":"https:\/\/wp.pop-verlag.com\/index.php?rest_route=\/wp\/v2\/pages\/664"}],"wp:attachment":[{"href":"https:\/\/wp.pop-verlag.com\/index.php?rest_route=%2Fwp%2Fv2%2Fmedia&parent=1344"}],"curies":[{"name":"wp","href":"https:\/\/api.w.org\/{rel}","templated":true}]}}