{"id":1340,"date":"2016-04-24T14:58:46","date_gmt":"2016-04-24T14:58:46","guid":{"rendered":"http:\/\/wp.pop-verlag.com\/?page_id=1340"},"modified":"2016-04-24T14:58:46","modified_gmt":"2016-04-24T14:58:46","slug":"volker-demuth","status":"publish","type":"page","link":"https:\/\/wp.pop-verlag.com\/?page_id=1340","title":{"rendered":"Volker Demuth"},"content":{"rendered":"<p><img loading=\"lazy\" decoding=\"async\" class=\"alignleft wp-image-1342 size-medium\" src=\"http:\/\/wp.pop-verlag.com\/wp-content\/uploads\/2016\/04\/Demuth-300x300.jpg\" alt=\"Demuth\" width=\"300\" height=\"300\" srcset=\"https:\/\/wp.pop-verlag.com\/wp-content\/uploads\/2016\/04\/Demuth-300x300.jpg 300w, https:\/\/wp.pop-verlag.com\/wp-content\/uploads\/2016\/04\/Demuth-150x150.jpg 150w, https:\/\/wp.pop-verlag.com\/wp-content\/uploads\/2016\/04\/Demuth.jpg 709w\" sizes=\"auto, (max-width: 300px) 100vw, 300px\" \/>Volker Demuth (Laupheim, 1961): Studium der Philosophie, Literaturwissenschaft und Geschichte in T\u00fcbingen und Oxford; Promotion. Lebt als freier Schriftsteller und Rundfunkjournalist in einem Dorf in S\u00fcddeutschland und in Berlin. 2000 bis 2003 Professur f\u00fcr Medientheorie und Mediengeschichte an der Fachhochschule f\u00fcr Gestaltung Schw\u00e4bisch Hall. Neueste Titel: Bits and Bones, 2001; Das Material des Sanddornschattens. Ein RaumPoem, 2003.<\/p>\n","protected":false},"excerpt":{"rendered":"<p>Volker Demuth (Laupheim, 1961): Studium der Philosophie, Literaturwissenschaft und Geschichte in T\u00fcbingen und Oxford; Promotion. Lebt als freier Schriftsteller und Rundfunkjournalist in einem Dorf in S\u00fcddeutschland und in Berlin. 2000 bis 2003 Professur f\u00fcr Medientheorie und Mediengeschichte an der Fachhochschule &hellip; <a class=\"more-link\" href=\"https:\/\/wp.pop-verlag.com\/?page_id=1340\">Weiterlesen <span class=\"meta-nav\">&rarr;<\/span><\/a><\/p>\n","protected":false},"author":2,"featured_media":0,"parent":664,"menu_order":3,"comment_status":"closed","ping_status":"closed","template":"","meta":{"footnotes":""},"class_list":["post-1340","page","type-page","status-publish","hentry"],"jetpack_sharing_enabled":true,"_links":{"self":[{"href":"https:\/\/wp.pop-verlag.com\/index.php?rest_route=\/wp\/v2\/pages\/1340","targetHints":{"allow":["GET"]}}],"collection":[{"href":"https:\/\/wp.pop-verlag.com\/index.php?rest_route=\/wp\/v2\/pages"}],"about":[{"href":"https:\/\/wp.pop-verlag.com\/index.php?rest_route=\/wp\/v2\/types\/page"}],"author":[{"embeddable":true,"href":"https:\/\/wp.pop-verlag.com\/index.php?rest_route=\/wp\/v2\/users\/2"}],"replies":[{"embeddable":true,"href":"https:\/\/wp.pop-verlag.com\/index.php?rest_route=%2Fwp%2Fv2%2Fcomments&post=1340"}],"version-history":[{"count":1,"href":"https:\/\/wp.pop-verlag.com\/index.php?rest_route=\/wp\/v2\/pages\/1340\/revisions"}],"predecessor-version":[{"id":1343,"href":"https:\/\/wp.pop-verlag.com\/index.php?rest_route=\/wp\/v2\/pages\/1340\/revisions\/1343"}],"up":[{"embeddable":true,"href":"https:\/\/wp.pop-verlag.com\/index.php?rest_route=\/wp\/v2\/pages\/664"}],"wp:attachment":[{"href":"https:\/\/wp.pop-verlag.com\/index.php?rest_route=%2Fwp%2Fv2%2Fmedia&parent=1340"}],"curies":[{"name":"wp","href":"https:\/\/api.w.org\/{rel}","templated":true}]}}