{"id":1338,"date":"2016-04-24T14:55:47","date_gmt":"2016-04-24T14:55:47","guid":{"rendered":"http:\/\/wp.pop-verlag.com\/?page_id=1338"},"modified":"2016-04-24T14:55:47","modified_gmt":"2016-04-24T14:55:47","slug":"maurice-couquiaud","status":"publish","type":"page","link":"https:\/\/wp.pop-verlag.com\/?page_id=1338","title":{"rendered":"Maurice Couquiaud"},"content":{"rendered":"<p>Maurice Couquiaud (1930): Mitglied des Internationalen Zentrums f\u00fcr transdisziplin\u00e4re Forschung, der Soci\u00e9t\u00e9 des Gens de Lettres und im Vorstand des franz\u00f6sischen Pen-Club. Vizepr\u00e4sident der Gruppe f\u00fcr polypoetische Forschungen. 17 Jahre lang war er Chefredakteur der Zeitschrift Phr\u00e9atique. 1976 erschien sein Manifest des erstaunten Dichters. Zahlreiche Gedichtb\u00e4nde, zuletzt: La descendance de l\u2019imparfait, 2002. Essays: L\u2019\u00e9tonnement po\u00e9tique. Un regard foudroy\u00e9, 1998, und L\u2019horizon po\u00e9tique de la connaissance, 2003.<\/p>\n","protected":false},"excerpt":{"rendered":"<p>Maurice Couquiaud (1930): Mitglied des Internationalen Zentrums f\u00fcr transdisziplin\u00e4re Forschung, der Soci\u00e9t\u00e9 des Gens de Lettres und im Vorstand des franz\u00f6sischen Pen-Club. Vizepr\u00e4sident der Gruppe f\u00fcr polypoetische Forschungen. 17 Jahre lang war er Chefredakteur der Zeitschrift Phr\u00e9atique. 1976 erschien sein &hellip; <a class=\"more-link\" href=\"https:\/\/wp.pop-verlag.com\/?page_id=1338\">Weiterlesen <span class=\"meta-nav\">&rarr;<\/span><\/a><\/p>\n","protected":false},"author":2,"featured_media":0,"parent":662,"menu_order":5,"comment_status":"closed","ping_status":"closed","template":"","meta":{"footnotes":""},"class_list":["post-1338","page","type-page","status-publish","hentry"],"jetpack_sharing_enabled":true,"_links":{"self":[{"href":"https:\/\/wp.pop-verlag.com\/index.php?rest_route=\/wp\/v2\/pages\/1338","targetHints":{"allow":["GET"]}}],"collection":[{"href":"https:\/\/wp.pop-verlag.com\/index.php?rest_route=\/wp\/v2\/pages"}],"about":[{"href":"https:\/\/wp.pop-verlag.com\/index.php?rest_route=\/wp\/v2\/types\/page"}],"author":[{"embeddable":true,"href":"https:\/\/wp.pop-verlag.com\/index.php?rest_route=\/wp\/v2\/users\/2"}],"replies":[{"embeddable":true,"href":"https:\/\/wp.pop-verlag.com\/index.php?rest_route=%2Fwp%2Fv2%2Fcomments&post=1338"}],"version-history":[{"count":1,"href":"https:\/\/wp.pop-verlag.com\/index.php?rest_route=\/wp\/v2\/pages\/1338\/revisions"}],"predecessor-version":[{"id":1339,"href":"https:\/\/wp.pop-verlag.com\/index.php?rest_route=\/wp\/v2\/pages\/1338\/revisions\/1339"}],"up":[{"embeddable":true,"href":"https:\/\/wp.pop-verlag.com\/index.php?rest_route=\/wp\/v2\/pages\/662"}],"wp:attachment":[{"href":"https:\/\/wp.pop-verlag.com\/index.php?rest_route=%2Fwp%2Fv2%2Fmedia&parent=1338"}],"curies":[{"name":"wp","href":"https:\/\/api.w.org\/{rel}","templated":true}]}}