{"id":1336,"date":"2016-04-24T14:55:12","date_gmt":"2016-04-24T14:55:12","guid":{"rendered":"http:\/\/wp.pop-verlag.com\/?page_id=1336"},"modified":"2016-04-24T14:55:12","modified_gmt":"2016-04-24T14:55:12","slug":"cristina-castello","status":"publish","type":"page","link":"https:\/\/wp.pop-verlag.com\/?page_id=1336","title":{"rendered":"Cristina Castello"},"content":{"rendered":"<p>Cristina Castello (Argentinien): Journalistin und Dichterin, Kultur- und Lyriksendungen im Radio und Fernsehen. Dieses Jahr erscheint in Frankreich ihr Band Sed \/ Soif (Durst). Schreibt regelm\u00e4\u00dfig f\u00fcr Cuadernos Hispanoamericanos, ein Kulturmagazin aus Madrid, und f\u00fcr andere Medien in Europa und Argentinien. Ihre Website, www.cristinacastello.com, verbindet Lyrik, Musik und Malerei.<\/p>\n","protected":false},"excerpt":{"rendered":"<p>Cristina Castello (Argentinien): Journalistin und Dichterin, Kultur- und Lyriksendungen im Radio und Fernsehen. Dieses Jahr erscheint in Frankreich ihr Band Sed \/ Soif (Durst). Schreibt regelm\u00e4\u00dfig f\u00fcr Cuadernos Hispanoamericanos, ein Kulturmagazin aus Madrid, und f\u00fcr andere Medien in Europa und &hellip; <a class=\"more-link\" href=\"https:\/\/wp.pop-verlag.com\/?page_id=1336\">Weiterlesen <span class=\"meta-nav\">&rarr;<\/span><\/a><\/p>\n","protected":false},"author":2,"featured_media":0,"parent":662,"menu_order":2,"comment_status":"closed","ping_status":"closed","template":"","meta":{"footnotes":""},"class_list":["post-1336","page","type-page","status-publish","hentry"],"jetpack_sharing_enabled":true,"_links":{"self":[{"href":"https:\/\/wp.pop-verlag.com\/index.php?rest_route=\/wp\/v2\/pages\/1336","targetHints":{"allow":["GET"]}}],"collection":[{"href":"https:\/\/wp.pop-verlag.com\/index.php?rest_route=\/wp\/v2\/pages"}],"about":[{"href":"https:\/\/wp.pop-verlag.com\/index.php?rest_route=\/wp\/v2\/types\/page"}],"author":[{"embeddable":true,"href":"https:\/\/wp.pop-verlag.com\/index.php?rest_route=\/wp\/v2\/users\/2"}],"replies":[{"embeddable":true,"href":"https:\/\/wp.pop-verlag.com\/index.php?rest_route=%2Fwp%2Fv2%2Fcomments&post=1336"}],"version-history":[{"count":1,"href":"https:\/\/wp.pop-verlag.com\/index.php?rest_route=\/wp\/v2\/pages\/1336\/revisions"}],"predecessor-version":[{"id":1337,"href":"https:\/\/wp.pop-verlag.com\/index.php?rest_route=\/wp\/v2\/pages\/1336\/revisions\/1337"}],"up":[{"embeddable":true,"href":"https:\/\/wp.pop-verlag.com\/index.php?rest_route=\/wp\/v2\/pages\/662"}],"wp:attachment":[{"href":"https:\/\/wp.pop-verlag.com\/index.php?rest_route=%2Fwp%2Fv2%2Fmedia&parent=1336"}],"curies":[{"name":"wp","href":"https:\/\/api.w.org\/{rel}","templated":true}]}}