{"id":1330,"date":"2016-04-24T14:51:18","date_gmt":"2016-04-24T14:51:18","guid":{"rendered":"http:\/\/wp.pop-verlag.com\/?page_id=1330"},"modified":"2016-04-24T14:51:18","modified_gmt":"2016-04-24T14:51:18","slug":"yves-bonnefoy","status":"publish","type":"page","link":"https:\/\/wp.pop-verlag.com\/?page_id=1330","title":{"rendered":"Yves Bonnefoy"},"content":{"rendered":"<p>Yves Bonnefoy (Tours, 1923): Studien der Mathematik und Philosophie in Poitiers und an der Sorbonne. Sein erster Gedichtband, Du mouvement et de l\u2019immobilit\u00e9 de Douve, erscheint 1953. Shakespeare-\u00dcbersetzungen. Einige seiner B\u00fccher (Un r\u00eave fait \u00e0 Mantoue, Rome 1630, Giacometti) bezeugen sein Interesse f\u00fcr die Kunst der Renaissance und des Barocks. Mitarbeiter bei der Zeitschrift L\u2019Eph\u00e9m\u00e8re (1966-72). 1981 wird er ins Coll\u00e8ge de France gew\u00e4hlt.<\/p>\n","protected":false},"excerpt":{"rendered":"<p>Yves Bonnefoy (Tours, 1923): Studien der Mathematik und Philosophie in Poitiers und an der Sorbonne. Sein erster Gedichtband, Du mouvement et de l\u2019immobilit\u00e9 de Douve, erscheint 1953. Shakespeare-\u00dcbersetzungen. Einige seiner B\u00fccher (Un r\u00eave fait \u00e0 Mantoue, Rome 1630, Giacometti) bezeugen &hellip; <a class=\"more-link\" href=\"https:\/\/wp.pop-verlag.com\/?page_id=1330\">Weiterlesen <span class=\"meta-nav\">&rarr;<\/span><\/a><\/p>\n","protected":false},"author":2,"featured_media":0,"parent":660,"menu_order":4,"comment_status":"closed","ping_status":"closed","template":"","meta":{"footnotes":""},"class_list":["post-1330","page","type-page","status-publish","hentry"],"jetpack_sharing_enabled":true,"_links":{"self":[{"href":"https:\/\/wp.pop-verlag.com\/index.php?rest_route=\/wp\/v2\/pages\/1330","targetHints":{"allow":["GET"]}}],"collection":[{"href":"https:\/\/wp.pop-verlag.com\/index.php?rest_route=\/wp\/v2\/pages"}],"about":[{"href":"https:\/\/wp.pop-verlag.com\/index.php?rest_route=\/wp\/v2\/types\/page"}],"author":[{"embeddable":true,"href":"https:\/\/wp.pop-verlag.com\/index.php?rest_route=\/wp\/v2\/users\/2"}],"replies":[{"embeddable":true,"href":"https:\/\/wp.pop-verlag.com\/index.php?rest_route=%2Fwp%2Fv2%2Fcomments&post=1330"}],"version-history":[{"count":1,"href":"https:\/\/wp.pop-verlag.com\/index.php?rest_route=\/wp\/v2\/pages\/1330\/revisions"}],"predecessor-version":[{"id":1331,"href":"https:\/\/wp.pop-verlag.com\/index.php?rest_route=\/wp\/v2\/pages\/1330\/revisions\/1331"}],"up":[{"embeddable":true,"href":"https:\/\/wp.pop-verlag.com\/index.php?rest_route=\/wp\/v2\/pages\/660"}],"wp:attachment":[{"href":"https:\/\/wp.pop-verlag.com\/index.php?rest_route=%2Fwp%2Fv2%2Fmedia&parent=1330"}],"curies":[{"name":"wp","href":"https:\/\/api.w.org\/{rel}","templated":true}]}}