{"id":1328,"date":"2016-04-24T14:48:33","date_gmt":"2016-04-24T14:48:33","guid":{"rendered":"http:\/\/wp.pop-verlag.com\/?page_id=1328"},"modified":"2016-04-24T15:23:19","modified_gmt":"2016-04-24T15:23:19","slug":"gerad-blua","status":"publish","type":"page","link":"https:\/\/wp.pop-verlag.com\/?page_id=1328","title":{"rendered":"G\u00e9rad Blua"},"content":{"rendered":"<p><span style=\"font-family: AGaramond Bold;\"><img loading=\"lazy\" decoding=\"async\" class=\"alignleft wp-image-1045 size-medium\" src=\"http:\/\/wp.pop-verlag.com\/wp-content\/uploads\/2015\/12\/Blua-300x300.jpg\" alt=\"Blua\" width=\"300\" height=\"300\" srcset=\"https:\/\/wp.pop-verlag.com\/wp-content\/uploads\/2015\/12\/Blua-300x300.jpg 300w, https:\/\/wp.pop-verlag.com\/wp-content\/uploads\/2015\/12\/Blua-150x150.jpg 150w, https:\/\/wp.pop-verlag.com\/wp-content\/uploads\/2015\/12\/Blua-1024x1024.jpg 1024w, https:\/\/wp.pop-verlag.com\/wp-content\/uploads\/2015\/12\/Blua.jpg 1181w\" sizes=\"auto, (max-width: 300px) 100vw, 300px\" \/><a href=\"http:\/\/wp.pop-verlag.com\/?page_id=1328\">G\u00e9rad Blua<\/a>, <\/span>*Marseille, 1945. <span style=\"font-family: AGaramond; font-size: small;\"><span style=\"font-family: AGaramond; font-size: medium;\">Lyriker, Roman- und Kurzprosaautor, Dramatiker, Journalist, Verleger. G\u00e9rard Blua leitet die 1990 von ihm gegr\u00fcndete Verlagsgruppe Autres Temps und gibt die Lyrikzeitschrift Autre Sud heraus. Seine Texte werden regelm\u00e4\u00dfig in frankophonen und fremdsprachigen Zeitschriften weltweit ver\u00f6ffentlicht. Als Dichter wurde er von Tristan Cabral f\u00fcr seine <i>Anthologie des po\u00e8tes du Sud<\/i> <i>de 1914 \u00e0 1984<\/i> und von Robert Sabatier f\u00fcr seine <i>Anthologie de la po\u00e9sie fran\u00e7aise<\/i> ausgew\u00e4hlt. Sein Gedichtband <i>Ondine<\/i> wurde vor kurzem ins Rum\u00e4nische \u00fcbersetzt. 2001 erschien der Band <i>Mot \u00e0 mot<\/i>, der die Gesamtheit seiner seit 1974 ver\u00f6ffentlichten und unver\u00f6ffentlichten lyrischen Schriften umfasst. 2002 erschien in Kanada sein neuer Gedichtband <i>Ivres Qu\u00e9bec<\/i>.<\/span><\/span><\/p>\n<p><span class=\"readonlyText multiple\">Lieferbare Titel von <span style=\"font-family: AGaramond Bold;\"><a href=\"http:\/\/wp.pop-verlag.com\/?page_id=1328\">G\u00e9rad Blua<\/a><\/span>:<br \/>\n<\/span><\/p>\n<p><a href=\"http:\/\/wp.pop-verlag.com\/?page_id=1300\">Rodica Draghincescu:<\/a> <a href=\"http:\/\/wp.pop-verlag.com\/?p=1317\"><b>&#8222;Schreibenleben.&#8220;<\/b><\/a> (FRAGMENTARIUM Sammlung) Literaturkommentar in ungew\u00f6hnlicher Form: Interviews mit Kulturpers\u00f6nlichkeiten.<\/p>\n<p><a href=\"http:\/\/wp.pop-verlag.com\/?page_id=1355\">Jean-Baptiste Joly<\/a> , <a href=\"http:\/\/wp.pop-verlag.com\/?page_id=1330\">Yves Bonnefoy<\/a>, <a href=\"http:\/\/wp.pop-verlag.com\/?page_id=1332\">Michel Butor<\/a>,<a href=\"http:\/\/wp.pop-verlag.com\/?page_id=1338\"> Maurice Couquiaud<\/a>, <a href=\"http:\/\/wp.pop-verlag.com\/?page_id=1340\">Volker Demuth<\/a>, <a href=\"http:\/\/wp.pop-verlag.com\/?page_id=1346\">Kurt Drawert<\/a>, <a href=\"http:\/\/wp.pop-verlag.com\/?page_id=1328\">G\u00e9rard Blua<\/a>, <a href=\"http:\/\/wp.pop-verlag.com\/?page_id=1344\">Yves di Manno<\/a>, <a href=\"http:\/\/wp.pop-verlag.com\/?page_id=1353\">Guy Goffette<\/a>, <a href=\"http:\/\/wp.pop-verlag.com\/?page_id=1361\">Jean Orizet<\/a>, <a href=\"http:\/\/wp.pop-verlag.com\/?page_id=1373\">G\u00e9rard Truilh\u00e9<\/a>, <a href=\"http:\/\/wp.pop-verlag.com\/?page_id=1349\">R\u00fcdiger Fischer<\/a>,<a href=\"http:\/\/wp.pop-verlag.com\/?page_id=1359\"> Petra Nagenk\u00f6gel<\/a>,<a href=\"http:\/\/wp.pop-verlag.com\/?page_id=1363\"> Serge Pey<\/a>, <a href=\"http:\/\/wp.pop-verlag.com\/?page_id=1367\">Sandrine Rotil-Tiefenbach<\/a>, <a href=\"http:\/\/wp.pop-verlag.com\/?page_id=1371\">Ale\u0161 \u0160teger<\/a>, <a href=\"http:\/\/wp.pop-verlag.com\/?page_id=1365\">Arne Rautenber<\/a>g, <a href=\"http:\/\/wp.pop-verlag.com\/?page_id=1334\">Magda C\u00e2rneci<\/a>,<br \/>\n<a href=\"http:\/\/wp.pop-verlag.com\/?page_id=1336\">Cristina Castello<\/a>, <a href=\"http:\/\/wp.pop-verlag.com\/?page_id=1351\">Zsuzsanna Gahse<\/a>,<a href=\"http:\/\/wp.pop-verlag.com\/?page_id=1357\"> Olga Martynova<\/a>,<br \/>\n<a href=\"http:\/\/wp.pop-verlag.com\/?page_id=1369\">Eginald Schlattner<\/a>,<a href=\"http:\/\/wp.pop-verlag.com\/?page_id=884\"> Dieter Schlesak<\/a>,\u00a0 320 Seiten, ISBN: 3-937139-03-6. 23,60 \u20ac<\/p>\n","protected":false},"excerpt":{"rendered":"<p>G\u00e9rad Blua, *Marseille, 1945. Lyriker, Roman- und Kurzprosaautor, Dramatiker, Journalist, Verleger. G\u00e9rard Blua leitet die 1990 von ihm gegr\u00fcndete Verlagsgruppe Autres Temps und gibt die Lyrikzeitschrift Autre Sud heraus. Seine Texte werden regelm\u00e4\u00dfig in frankophonen und fremdsprachigen Zeitschriften weltweit ver\u00f6ffentlicht. &hellip; <a class=\"more-link\" href=\"https:\/\/wp.pop-verlag.com\/?page_id=1328\">Weiterlesen <span class=\"meta-nav\">&rarr;<\/span><\/a><\/p>\n","protected":false},"author":2,"featured_media":0,"parent":660,"menu_order":3,"comment_status":"closed","ping_status":"closed","template":"","meta":{"footnotes":""},"class_list":["post-1328","page","type-page","status-publish","hentry"],"jetpack_sharing_enabled":true,"_links":{"self":[{"href":"https:\/\/wp.pop-verlag.com\/index.php?rest_route=\/wp\/v2\/pages\/1328","targetHints":{"allow":["GET"]}}],"collection":[{"href":"https:\/\/wp.pop-verlag.com\/index.php?rest_route=\/wp\/v2\/pages"}],"about":[{"href":"https:\/\/wp.pop-verlag.com\/index.php?rest_route=\/wp\/v2\/types\/page"}],"author":[{"embeddable":true,"href":"https:\/\/wp.pop-verlag.com\/index.php?rest_route=\/wp\/v2\/users\/2"}],"replies":[{"embeddable":true,"href":"https:\/\/wp.pop-verlag.com\/index.php?rest_route=%2Fwp%2Fv2%2Fcomments&post=1328"}],"version-history":[{"count":3,"href":"https:\/\/wp.pop-verlag.com\/index.php?rest_route=\/wp\/v2\/pages\/1328\/revisions"}],"predecessor-version":[{"id":1378,"href":"https:\/\/wp.pop-verlag.com\/index.php?rest_route=\/wp\/v2\/pages\/1328\/revisions\/1378"}],"up":[{"embeddable":true,"href":"https:\/\/wp.pop-verlag.com\/index.php?rest_route=\/wp\/v2\/pages\/660"}],"wp:attachment":[{"href":"https:\/\/wp.pop-verlag.com\/index.php?rest_route=%2Fwp%2Fv2%2Fmedia&parent=1328"}],"curies":[{"name":"wp","href":"https:\/\/api.w.org\/{rel}","templated":true}]}}