{"id":1229,"date":"2016-04-23T09:38:37","date_gmt":"2016-04-23T09:38:37","guid":{"rendered":"http:\/\/wp.pop-verlag.com\/?page_id=1229"},"modified":"2016-04-23T16:06:02","modified_gmt":"2016-04-23T16:06:02","slug":"michael-gans","status":"publish","type":"page","link":"https:\/\/wp.pop-verlag.com\/?page_id=1229","title":{"rendered":"Michael Gans"},"content":{"rendered":"<p>&nbsp;<\/p>\n<p><a href=\"http:\/\/wp.pop-verlag.com\/?page_id=1229\"><strong>Michael Gans<\/strong><\/a> *1968 in Stuttgart, lebt in Ludwigsburg. Lehramtsstudium in den F\u00e4chern Technik, Kunst und Deutsch, Realschullehrer, Magisterarbeit \u00fcber Erich K\u00e4stner, Dissertation \u00fcber Rose Ausl\u00e4nder, Akademischer Oberrat des Faches Deutsch an der P\u00e4dagogischen Hochschule Ludwigsburg f\u00fcr deutsche Literatur, Medien und ihre Didaktik sowie Spiel- und Theaterp\u00e4dagogik. Zahlreiche Ver\u00f6ffentlichungen u. a. zu Rose Ausl\u00e4nder, Hilde Domin, Erich K\u00e4stner, Max Frisch, Erich Fried und Poetry Slam. Leiter von Textwerkst\u00e4tten, Autor von Lyrik und Kurzprosa, Romanen, Autor und Zeichner von Bilderb\u00fcchern.<\/p>\n<p>Lieferbare Titel von <a href=\"http:\/\/wp.pop-verlag.com\/?page_id=1229\"><strong>Michael Gans<\/strong><\/a>:<\/p>\n<p><i><\/i><span style=\"font-size: medium;\"><a href=\"http:\/\/wp.pop-verlag.com\/?page_id=1229\">Michael Gans: \u201eWo der Hund begraben liegt<i>.<\/i> Leonberger Kurzkrimi.&#8220;<\/a> (<span lang=\"RO\">EPIK<\/span>\u2013 Sammlung) 187 S.ISBN: 978-3-86356-013-3, Preis: 12,00\u20ac.<\/span><\/p>\n<p><span style=\"font-size: medium;\"><span style=\"font-size: medium;\"><a class=\"a-link-normal a-text-normal\" href=\"http:\/\/wp.pop-verlag.com\/?page_id=1229\">Michael Gans<\/a> <span class=\"a-size-small a-color-secondary\">und <\/span><span class=\"a-size-small a-color-secondary\"><a href=\"http:\/\/wp.pop-verlag.com\/?page_id=1263\">Johannes Weigle<\/a><\/span> <a href=\"http:\/\/wp.pop-verlag.com\/?p=1249\">&#8222;Al Dente<\/a>. Eine illustrierte Hommage an Loriot. Exercises de Style \u00e0 la Raymond Queneau.&#8220; (Edition Monrepos Band 1)<i> <\/i>101 Seiten,\u00a0 ISBN: \u00a0978-3-86356-047-8 Preis: 14,00\u20ac<\/span><br \/>\n<\/span><\/p>\n<p>&#8222;<a href=\"http:\/\/wp.pop-verlag.com\/?p=369\">Boheims Rhapsodie<\/a>\u201d. Roman. edition monrepos. 264 Seiten, 16,80 <span style=\"font-size: medium;\">\u20ac<\/span><br \/>\nISBN 978-3-86356-082-9<\/p>\n<p><span style=\"font-size: medium;\"><a href=\"http:\/\/wp.pop-verlag.com\/?p=1253\">&#8222;Corsetto mortale. Ludwigsburger W\u00e4schekrimis.\u201d<\/a> Edition Monrepos Band 10. Krimin\u00e4chte Band 8. ISBN 978-3-86356-082-9; 264 Seiten, 12,00 <span style=\"font-size: medium;\">\u20ac<\/span><\/span><\/p>\n<p>&nbsp;<\/p>\n<p>&nbsp;<\/p>\n","protected":false},"excerpt":{"rendered":"<p>&nbsp; Michael Gans *1968 in Stuttgart, lebt in Ludwigsburg. Lehramtsstudium in den F\u00e4chern Technik, Kunst und Deutsch, Realschullehrer, Magisterarbeit \u00fcber Erich K\u00e4stner, Dissertation \u00fcber Rose Ausl\u00e4nder, Akademischer Oberrat des Faches Deutsch an der P\u00e4dagogischen Hochschule Ludwigsburg f\u00fcr deutsche Literatur, Medien &hellip; <a class=\"more-link\" href=\"https:\/\/wp.pop-verlag.com\/?page_id=1229\">Weiterlesen <span class=\"meta-nav\">&rarr;<\/span><\/a><\/p>\n","protected":false},"author":2,"featured_media":0,"parent":672,"menu_order":1,"comment_status":"closed","ping_status":"closed","template":"","meta":{"footnotes":""},"class_list":["post-1229","page","type-page","status-publish","hentry"],"jetpack_sharing_enabled":true,"_links":{"self":[{"href":"https:\/\/wp.pop-verlag.com\/index.php?rest_route=\/wp\/v2\/pages\/1229","targetHints":{"allow":["GET"]}}],"collection":[{"href":"https:\/\/wp.pop-verlag.com\/index.php?rest_route=\/wp\/v2\/pages"}],"about":[{"href":"https:\/\/wp.pop-verlag.com\/index.php?rest_route=\/wp\/v2\/types\/page"}],"author":[{"embeddable":true,"href":"https:\/\/wp.pop-verlag.com\/index.php?rest_route=\/wp\/v2\/users\/2"}],"replies":[{"embeddable":true,"href":"https:\/\/wp.pop-verlag.com\/index.php?rest_route=%2Fwp%2Fv2%2Fcomments&post=1229"}],"version-history":[{"count":8,"href":"https:\/\/wp.pop-verlag.com\/index.php?rest_route=\/wp\/v2\/pages\/1229\/revisions"}],"predecessor-version":[{"id":1266,"href":"https:\/\/wp.pop-verlag.com\/index.php?rest_route=\/wp\/v2\/pages\/1229\/revisions\/1266"}],"up":[{"embeddable":true,"href":"https:\/\/wp.pop-verlag.com\/index.php?rest_route=\/wp\/v2\/pages\/672"}],"wp:attachment":[{"href":"https:\/\/wp.pop-verlag.com\/index.php?rest_route=%2Fwp%2Fv2%2Fmedia&parent=1229"}],"curies":[{"name":"wp","href":"https:\/\/api.w.org\/{rel}","templated":true}]}}