{"id":1118,"date":"2015-12-26T18:56:34","date_gmt":"2015-12-26T18:56:34","guid":{"rendered":"http:\/\/wp.pop-verlag.com\/?page_id=1118"},"modified":"2015-12-26T18:56:34","modified_gmt":"2015-12-26T18:56:34","slug":"roza-domascyna","status":"publish","type":"page","link":"https:\/\/wp.pop-verlag.com\/?page_id=1118","title":{"rendered":"R\u00f3\u017ea Doma\u0161cyna"},"content":{"rendered":"<p>R\u00f3\u017ea Doma\u0161cyna, *1951 in Zerna (Sernjany), Oberlausitz; sorbisch-deutsche Lyrikerin, Nachdichterin, Dramatikerin, H\u00f6rspielautorin, Heraus-geberin; lebt als freie Schriftstellerin in Bautzen; studierte Ingenieur-\u00d6ko-nomie des Bergbaus in Senftenberg und am Leipziger Literaturinstitut Johannes R. Becher; ver\u00f6ffentlichte \u00fcber 20 B\u00fccher; Auszeichnungen u. a. F\u00f6rderpreis zum \u0106i\u0161inski-Preis der Stiftung f\u00fcr das sorbische Volk, Anna-Seghers-Preis; Mitglied u.a. des P.E.N.-Zentrums Deutschland.<\/p>\n","protected":false},"excerpt":{"rendered":"<p>R\u00f3\u017ea Doma\u0161cyna, *1951 in Zerna (Sernjany), Oberlausitz; sorbisch-deutsche Lyrikerin, Nachdichterin, Dramatikerin, H\u00f6rspielautorin, Heraus-geberin; lebt als freie Schriftstellerin in Bautzen; studierte Ingenieur-\u00d6ko-nomie des Bergbaus in Senftenberg und am Leipziger Literaturinstitut Johannes R. Becher; ver\u00f6ffentlichte \u00fcber 20 B\u00fccher; Auszeichnungen u. a. F\u00f6rderpreis &hellip; <a class=\"more-link\" href=\"https:\/\/wp.pop-verlag.com\/?page_id=1118\">Weiterlesen <span class=\"meta-nav\">&rarr;<\/span><\/a><\/p>\n","protected":false},"author":2,"featured_media":0,"parent":664,"menu_order":3,"comment_status":"closed","ping_status":"closed","template":"","meta":{"footnotes":""},"class_list":["post-1118","page","type-page","status-publish","hentry"],"jetpack_sharing_enabled":true,"_links":{"self":[{"href":"https:\/\/wp.pop-verlag.com\/index.php?rest_route=\/wp\/v2\/pages\/1118","targetHints":{"allow":["GET"]}}],"collection":[{"href":"https:\/\/wp.pop-verlag.com\/index.php?rest_route=\/wp\/v2\/pages"}],"about":[{"href":"https:\/\/wp.pop-verlag.com\/index.php?rest_route=\/wp\/v2\/types\/page"}],"author":[{"embeddable":true,"href":"https:\/\/wp.pop-verlag.com\/index.php?rest_route=\/wp\/v2\/users\/2"}],"replies":[{"embeddable":true,"href":"https:\/\/wp.pop-verlag.com\/index.php?rest_route=%2Fwp%2Fv2%2Fcomments&post=1118"}],"version-history":[{"count":1,"href":"https:\/\/wp.pop-verlag.com\/index.php?rest_route=\/wp\/v2\/pages\/1118\/revisions"}],"predecessor-version":[{"id":1119,"href":"https:\/\/wp.pop-verlag.com\/index.php?rest_route=\/wp\/v2\/pages\/1118\/revisions\/1119"}],"up":[{"embeddable":true,"href":"https:\/\/wp.pop-verlag.com\/index.php?rest_route=\/wp\/v2\/pages\/664"}],"wp:attachment":[{"href":"https:\/\/wp.pop-verlag.com\/index.php?rest_route=%2Fwp%2Fv2%2Fmedia&parent=1118"}],"curies":[{"name":"wp","href":"https:\/\/api.w.org\/{rel}","templated":true}]}}