{"id":1116,"date":"2015-12-26T18:55:39","date_gmt":"2015-12-26T18:55:39","guid":{"rendered":"http:\/\/wp.pop-verlag.com\/?page_id=1116"},"modified":"2015-12-26T18:55:39","modified_gmt":"2015-12-26T18:55:39","slug":"dan-danila","status":"publish","type":"page","link":"https:\/\/wp.pop-verlag.com\/?page_id=1116","title":{"rendered":"Dan D\u0103nil\u0103"},"content":{"rendered":"<p>Dan D\u0103nil\u0103, *1954 in \u015eura Mic\u0103, Rum\u00e4nien; lebt seit 1990 in Leonberg bei Stuttgart; Lyriker, \u00dcbersetzer, Herausgeber, K\u00fcnstler; ver\u00f6ffentlichte in Rum\u00e4nien sechs Lyrikb\u00e4nde sowie f\u00fcnf B\u00e4nde mit Lyrik\u00fcbersetzungen; f\u00fcr seinen Band \u201eRainer Maria Rilke: Versuri\u201c, Edition Hermann (1999) bekam er den \u00dcbersetzerpreis der LiterART XXI\u00a0 und der Zeitschrift Origini &#8211; Romanian Roots.<\/p>\n","protected":false},"excerpt":{"rendered":"<p>Dan D\u0103nil\u0103, *1954 in \u015eura Mic\u0103, Rum\u00e4nien; lebt seit 1990 in Leonberg bei Stuttgart; Lyriker, \u00dcbersetzer, Herausgeber, K\u00fcnstler; ver\u00f6ffentlichte in Rum\u00e4nien sechs Lyrikb\u00e4nde sowie f\u00fcnf B\u00e4nde mit Lyrik\u00fcbersetzungen; f\u00fcr seinen Band \u201eRainer Maria Rilke: Versuri\u201c, Edition Hermann (1999) bekam er &hellip; <a class=\"more-link\" href=\"https:\/\/wp.pop-verlag.com\/?page_id=1116\">Weiterlesen <span class=\"meta-nav\">&rarr;<\/span><\/a><\/p>\n","protected":false},"author":2,"featured_media":0,"parent":664,"menu_order":2,"comment_status":"closed","ping_status":"closed","template":"","meta":{"footnotes":""},"class_list":["post-1116","page","type-page","status-publish","hentry"],"jetpack_sharing_enabled":true,"_links":{"self":[{"href":"https:\/\/wp.pop-verlag.com\/index.php?rest_route=\/wp\/v2\/pages\/1116","targetHints":{"allow":["GET"]}}],"collection":[{"href":"https:\/\/wp.pop-verlag.com\/index.php?rest_route=\/wp\/v2\/pages"}],"about":[{"href":"https:\/\/wp.pop-verlag.com\/index.php?rest_route=\/wp\/v2\/types\/page"}],"author":[{"embeddable":true,"href":"https:\/\/wp.pop-verlag.com\/index.php?rest_route=\/wp\/v2\/users\/2"}],"replies":[{"embeddable":true,"href":"https:\/\/wp.pop-verlag.com\/index.php?rest_route=%2Fwp%2Fv2%2Fcomments&post=1116"}],"version-history":[{"count":1,"href":"https:\/\/wp.pop-verlag.com\/index.php?rest_route=\/wp\/v2\/pages\/1116\/revisions"}],"predecessor-version":[{"id":1117,"href":"https:\/\/wp.pop-verlag.com\/index.php?rest_route=\/wp\/v2\/pages\/1116\/revisions\/1117"}],"up":[{"embeddable":true,"href":"https:\/\/wp.pop-verlag.com\/index.php?rest_route=\/wp\/v2\/pages\/664"}],"wp:attachment":[{"href":"https:\/\/wp.pop-verlag.com\/index.php?rest_route=%2Fwp%2Fv2%2Fmedia&parent=1116"}],"curies":[{"name":"wp","href":"https:\/\/api.w.org\/{rel}","templated":true}]}}