{"id":1113,"date":"2015-12-26T18:53:55","date_gmt":"2015-12-26T18:53:55","guid":{"rendered":"http:\/\/wp.pop-verlag.com\/?page_id=1113"},"modified":"2015-12-26T18:53:55","modified_gmt":"2015-12-26T18:53:55","slug":"klaus-lukas-commer","status":"publish","type":"page","link":"https:\/\/wp.pop-verlag.com\/?page_id=1113","title":{"rendered":"Klaus \u201eLukas\u201c Commer"},"content":{"rendered":"<p><strong>Klaus \u201eLukas\u201c Commer<\/strong>, *1943 in Dortmund, 1974-2004 Redakteur und Sprecher an Dortmunder Hochschulen; Journalist, Publizist, Autor und Herausgeber, Schwerpunkte P\u00e4dagogik, Kuba, Israel, Bek\u00e4mpfung des Rechtsextremismus; Mitarbeiter der J\u00fcdischen Zeitung in Berlin; ver-\u00f6ffentlichte zuletzt den \u201eRuhrgebiet Kulturverf\u00fchrer\u201c (zusammen mit Ralf Hosfeld), Metz, Hamburg (2007).<\/p>\n","protected":false},"excerpt":{"rendered":"<p>Klaus \u201eLukas\u201c Commer, *1943 in Dortmund, 1974-2004 Redakteur und Sprecher an Dortmunder Hochschulen; Journalist, Publizist, Autor und Herausgeber, Schwerpunkte P\u00e4dagogik, Kuba, Israel, Bek\u00e4mpfung des Rechtsextremismus; Mitarbeiter der J\u00fcdischen Zeitung in Berlin; ver-\u00f6ffentlichte zuletzt den \u201eRuhrgebiet Kulturverf\u00fchrer\u201c (zusammen mit Ralf Hosfeld), &hellip; <a class=\"more-link\" href=\"https:\/\/wp.pop-verlag.com\/?page_id=1113\">Weiterlesen <span class=\"meta-nav\">&rarr;<\/span><\/a><\/p>\n","protected":false},"author":2,"featured_media":0,"parent":662,"menu_order":2,"comment_status":"closed","ping_status":"closed","template":"","meta":{"footnotes":""},"class_list":["post-1113","page","type-page","status-publish","hentry"],"jetpack_sharing_enabled":true,"_links":{"self":[{"href":"https:\/\/wp.pop-verlag.com\/index.php?rest_route=\/wp\/v2\/pages\/1113","targetHints":{"allow":["GET"]}}],"collection":[{"href":"https:\/\/wp.pop-verlag.com\/index.php?rest_route=\/wp\/v2\/pages"}],"about":[{"href":"https:\/\/wp.pop-verlag.com\/index.php?rest_route=\/wp\/v2\/types\/page"}],"author":[{"embeddable":true,"href":"https:\/\/wp.pop-verlag.com\/index.php?rest_route=\/wp\/v2\/users\/2"}],"replies":[{"embeddable":true,"href":"https:\/\/wp.pop-verlag.com\/index.php?rest_route=%2Fwp%2Fv2%2Fcomments&post=1113"}],"version-history":[{"count":1,"href":"https:\/\/wp.pop-verlag.com\/index.php?rest_route=\/wp\/v2\/pages\/1113\/revisions"}],"predecessor-version":[{"id":1114,"href":"https:\/\/wp.pop-verlag.com\/index.php?rest_route=\/wp\/v2\/pages\/1113\/revisions\/1114"}],"up":[{"embeddable":true,"href":"https:\/\/wp.pop-verlag.com\/index.php?rest_route=\/wp\/v2\/pages\/662"}],"wp:attachment":[{"href":"https:\/\/wp.pop-verlag.com\/index.php?rest_route=%2Fwp%2Fv2%2Fmedia&parent=1113"}],"curies":[{"name":"wp","href":"https:\/\/api.w.org\/{rel}","templated":true}]}}