{"id":1111,"date":"2015-12-26T18:53:18","date_gmt":"2015-12-26T18:53:18","guid":{"rendered":"http:\/\/wp.pop-verlag.com\/?page_id=1111"},"modified":"2015-12-26T18:53:18","modified_gmt":"2015-12-26T18:53:18","slug":"boris-chasanow","status":"publish","type":"page","link":"https:\/\/wp.pop-verlag.com\/?page_id=1111","title":{"rendered":"Boris Chasanow"},"content":{"rendered":"<p><strong>Boris Chasanow<\/strong>, eigentlich Gennadij Moissejewitsch Faibussowitsch, *1928 in Leningrad; studierte Altphilologie in Moskau; 1949 verhaftet und zu Zwangsarbeit verurteilt; nach der Entlassung Medizinstudium und Arbeit als Arzt; Autor und \u00dcbersetzer; seit 1982 im Exil; lebt in M\u00fcnchen; ver\u00f6ffentlichte zahlreiche B\u00fccher, zuletzt die Romane \u201eDer Zauberlehrer\u201c und \u201eV\u00f6gel \u00fcber Moskau\u201c, DVA (2002); Auszeichnungen u.a. Hilde-Domin-Preis (zusammen mit seiner \u00dcbersetzerin Annelore Nitschke).<\/p>\n","protected":false},"excerpt":{"rendered":"<p>Boris Chasanow, eigentlich Gennadij Moissejewitsch Faibussowitsch, *1928 in Leningrad; studierte Altphilologie in Moskau; 1949 verhaftet und zu Zwangsarbeit verurteilt; nach der Entlassung Medizinstudium und Arbeit als Arzt; Autor und \u00dcbersetzer; seit 1982 im Exil; lebt in M\u00fcnchen; ver\u00f6ffentlichte zahlreiche B\u00fccher, &hellip; <a class=\"more-link\" href=\"https:\/\/wp.pop-verlag.com\/?page_id=1111\">Weiterlesen <span class=\"meta-nav\">&rarr;<\/span><\/a><\/p>\n","protected":false},"author":2,"featured_media":0,"parent":662,"menu_order":0,"comment_status":"closed","ping_status":"closed","template":"","meta":{"footnotes":""},"class_list":["post-1111","page","type-page","status-publish","hentry"],"jetpack_sharing_enabled":true,"_links":{"self":[{"href":"https:\/\/wp.pop-verlag.com\/index.php?rest_route=\/wp\/v2\/pages\/1111","targetHints":{"allow":["GET"]}}],"collection":[{"href":"https:\/\/wp.pop-verlag.com\/index.php?rest_route=\/wp\/v2\/pages"}],"about":[{"href":"https:\/\/wp.pop-verlag.com\/index.php?rest_route=\/wp\/v2\/types\/page"}],"author":[{"embeddable":true,"href":"https:\/\/wp.pop-verlag.com\/index.php?rest_route=\/wp\/v2\/users\/2"}],"replies":[{"embeddable":true,"href":"https:\/\/wp.pop-verlag.com\/index.php?rest_route=%2Fwp%2Fv2%2Fcomments&post=1111"}],"version-history":[{"count":1,"href":"https:\/\/wp.pop-verlag.com\/index.php?rest_route=\/wp\/v2\/pages\/1111\/revisions"}],"predecessor-version":[{"id":1112,"href":"https:\/\/wp.pop-verlag.com\/index.php?rest_route=\/wp\/v2\/pages\/1111\/revisions\/1112"}],"up":[{"embeddable":true,"href":"https:\/\/wp.pop-verlag.com\/index.php?rest_route=\/wp\/v2\/pages\/662"}],"wp:attachment":[{"href":"https:\/\/wp.pop-verlag.com\/index.php?rest_route=%2Fwp%2Fv2%2Fmedia&parent=1111"}],"curies":[{"name":"wp","href":"https:\/\/api.w.org\/{rel}","templated":true}]}}