{"id":1019,"date":"2015-12-25T18:41:59","date_gmt":"2015-12-25T18:41:59","guid":{"rendered":"http:\/\/wp.pop-verlag.com\/?page_id=1019"},"modified":"2015-12-25T19:03:41","modified_gmt":"2015-12-25T19:03:41","slug":"josiane-alfonsi","status":"publish","type":"page","link":"https:\/\/wp.pop-verlag.com\/?page_id=1019","title":{"rendered":"Josiane Alfonsi"},"content":{"rendered":"<p><a href=\"http:\/\/wp.pop-verlag.com\/wp-content\/uploads\/2015\/12\/Alfonsi.jpg\"><img loading=\"lazy\" decoding=\"async\" class=\"alignleft wp-image-1044 size-medium\" src=\"http:\/\/wp.pop-verlag.com\/wp-content\/uploads\/2015\/12\/Alfonsi-300x300.jpg\" alt=\"Alfonsi\" width=\"300\" height=\"300\" srcset=\"https:\/\/wp.pop-verlag.com\/wp-content\/uploads\/2015\/12\/Alfonsi-300x300.jpg 300w, https:\/\/wp.pop-verlag.com\/wp-content\/uploads\/2015\/12\/Alfonsi-150x150.jpg 150w, https:\/\/wp.pop-verlag.com\/wp-content\/uploads\/2015\/12\/Alfonsi-1024x1024.jpg 1024w, https:\/\/wp.pop-verlag.com\/wp-content\/uploads\/2015\/12\/Alfonsi.jpg 1181w\" sizes=\"auto, (max-width: 300px) 100vw, 300px\" \/><\/a>Josiane Alfonsi. In Frankreich geboren, besuchte sie die Franz\u00f6sische Schule in Donaueschingen und das Gymnasium in Frankreich; Studium an der Universit\u00e4t Nizza (Literatur und Italianistik) sowie an der Eberhard-Karls-Universit\u00e4t T\u00fcbingen (V\u00f6lkerkunde und Empirische Kulturwissenschaft). Sie lebt in T\u00fcbingen und ist seit 1990 vor allem in der s\u00fcdwest deutschen Literaturszene aktiv. Einzeltitel: <em>Je suis \u2013 Du bist<\/em>, T\u00fcbingen 1990; <em>Kultur. Culture<\/em>, Reicheneck 1997; <em>Le temps du dire \/ Sagen-Zeit<\/em>, T\u00fcbingen 1998. Texte in Anthologien: <em>Zwischen den Zeiten. Zwischen den Welten. <\/em>Berlin 1995; <em>Die Lehre der Fremde. Die Leere des Fremden<\/em>, T\u00fcbingen 1997. Auszeichnungen: W\u00fcrth Literaturpreis der Universit\u00e4t T\u00fcbingen, 1997; Stipendium des Stuttgarter Schriftstellerhauses, 1999; Stipendium der Hermann Hesse Stiftung, Calw 2001.<\/p>\n<p>Lieferbare Titel von Josiane Alfonsi:<\/p>\n<p><a href=\"http:\/\/wp.pop-verlag.com\/?p=1048\"><strong>Poesie\/po\u00e9sie<\/strong> <em>Zeitgen\u00f6ssische Dichtung aus Frankreich und Deutschland <\/em><\/a><\/p>\n<p><strong><a href=\"http:\/\/wp.pop-verlag.com\/?page_id=1019\">Josiane Alfonsi<\/a>, G\u00e9rard Blua, Yves Broussard,\u00a0Volker Demuth, Rodica Draghincescu, Werner D\u00fcrrson, \u00a0Gilbert Fels, Abdelmadjid Kaouah,\u00a0Carmen Kotarski, Jacques Lovichi, Marcel Migozzi, Fran\u00e7ois Montmaneix, Hasan \u00d6zdemir, Jos\u00e9 F.A. Oliver, Walle Sayer. Klaus F. Schneider, Hellmut Seiler, Dominique Sorrente, Susanne Stephan, Fr\u00e9d\u00e9ric Jacques Temple, Jean-Max Tixier, Andr\u00e9 Ughetto, Jean-Claude Villain.<br \/>\n<\/strong><\/p>\n<p>ISBN: 3-937139-00-1. 168\u00a0Seiten:14,5\u00a0\u00d7\u00a020,5\u00a0cm. 14,00\u20ac[D]<\/p>\n","protected":false},"excerpt":{"rendered":"<p>Josiane Alfonsi. In Frankreich geboren, besuchte sie die Franz\u00f6sische Schule in Donaueschingen und das Gymnasium in Frankreich; Studium an der Universit\u00e4t Nizza (Literatur und Italianistik) sowie an der Eberhard-Karls-Universit\u00e4t T\u00fcbingen (V\u00f6lkerkunde und Empirische Kulturwissenschaft). Sie lebt in T\u00fcbingen und ist &hellip; <a class=\"more-link\" href=\"https:\/\/wp.pop-verlag.com\/?page_id=1019\">Weiterlesen <span class=\"meta-nav\">&rarr;<\/span><\/a><\/p>\n","protected":false},"author":2,"featured_media":0,"parent":658,"menu_order":2,"comment_status":"closed","ping_status":"closed","template":"","meta":{"footnotes":""},"class_list":["post-1019","page","type-page","status-publish","hentry"],"jetpack_sharing_enabled":true,"_links":{"self":[{"href":"https:\/\/wp.pop-verlag.com\/index.php?rest_route=\/wp\/v2\/pages\/1019","targetHints":{"allow":["GET"]}}],"collection":[{"href":"https:\/\/wp.pop-verlag.com\/index.php?rest_route=\/wp\/v2\/pages"}],"about":[{"href":"https:\/\/wp.pop-verlag.com\/index.php?rest_route=\/wp\/v2\/types\/page"}],"author":[{"embeddable":true,"href":"https:\/\/wp.pop-verlag.com\/index.php?rest_route=\/wp\/v2\/users\/2"}],"replies":[{"embeddable":true,"href":"https:\/\/wp.pop-verlag.com\/index.php?rest_route=%2Fwp%2Fv2%2Fcomments&post=1019"}],"version-history":[{"count":2,"href":"https:\/\/wp.pop-verlag.com\/index.php?rest_route=\/wp\/v2\/pages\/1019\/revisions"}],"predecessor-version":[{"id":1051,"href":"https:\/\/wp.pop-verlag.com\/index.php?rest_route=\/wp\/v2\/pages\/1019\/revisions\/1051"}],"up":[{"embeddable":true,"href":"https:\/\/wp.pop-verlag.com\/index.php?rest_route=\/wp\/v2\/pages\/658"}],"wp:attachment":[{"href":"https:\/\/wp.pop-verlag.com\/index.php?rest_route=%2Fwp%2Fv2%2Fmedia&parent=1019"}],"curies":[{"name":"wp","href":"https:\/\/api.w.org\/{rel}","templated":true}]}}